{"id":3,"date":"2021-02-25T16:52:09","date_gmt":"2021-02-25T16:52:09","guid":{"rendered":"https:\/\/nureningenieria.es\/?page_id=3"},"modified":"2025-12-23T10:03:17","modified_gmt":"2025-12-23T10:03:17","slug":"politica-de-privacidad","status":"publish","type":"page","link":"https:\/\/nureningenieria.es\/en\/politica-de-privacidad","title":{"rendered":"Pol\u00edtica de Privacidad"},"content":{"rendered":"<p>En cumplimiento de lo establecido en la RGPD, le informamos que sus datos ser\u00e1n tratados en nuestros ficheros, con la finalidad del mantenimiento y cumplimiento de la relaci\u00f3n con nuestra entidad, incluyendo el env\u00edo de comunicaciones en el marco de la citada relaci\u00f3n.<\/p>\r\n<p>As\u00ed mismo, sus datos ser\u00e1n cedidos en todos aquellos casos en que sea necesario para el desarrollo, cumplimiento y control de la relaci\u00f3n con nuestra entidad o en los supuestos en que lo autorice una norma con rango de ley. En cumplimiento de la RGPD puede ejercitar sus derechos ARCO ante Enrique Solans Angusto, E-mail: nuren@nuren.es<\/p>\r\n<p>El contenido de esta comunicaci\u00f3n, as\u00ed como el de toda la documentaci\u00f3n anexa, est\u00e1 sujeta al deber de secreto y va dirigida \u00fanicamente a su destinatario. En el supuesto de que usted no fuera el destinatario, le solicitamos que nos lo indique y no comunique su contenido a terceros, procediendo a su destrucci\u00f3n.<\/p>\r\n<p>El prestador de servicios de la sociedad de la informaci\u00f3n deber\u00e1 tener en cuenta que, adem\u00e1s de la informaci\u00f3n que facilite a los destinatarios del servicio a trav\u00e9s de su \u201cPol\u00edtica de Privacidad\u201d, deber\u00e1 disponer de textos legales adicionales relativos a otras normativas de obligado cumplimiento, tales como, sin car\u00e1cter limitativo o excluyente, condiciones generales de la contrataci\u00f3n, propiedad intelectual e industrial, condiciones de utilizaci\u00f3n de la p\u00e1gina web y responsabilidades al respecto, o lo que la propia Ley 34\/2002, de 11 de julio, de Servicios de la Sociedad de la Informaci\u00f3n y de Comercio Electr\u00f3nico pueda establecer en cualesquiera otros preceptos al margen de su art\u00edculo 10 o incluso completar la informaci\u00f3n que, en relaci\u00f3n a \u00e9ste, fuese necesaria.<\/p>\r\n\r\n\r\n\r\n<p>&nbsp;<\/p>\r\n\r\n\r\n\r\n<p>&nbsp;<\/p>","protected":false},"excerpt":{"rendered":"<p>En cumplimiento de lo establecido en la RGPD, le informamos que sus datos ser\u00e1n tratados en nuestros ficheros, con la finalidad del mantenimiento y cumplimiento de la relaci\u00f3n con nuestra entidad, incluyendo el env\u00edo de comunicaciones en el marco de la citada relaci\u00f3n. As\u00ed mismo, sus datos<\/p>","protected":false},"author":1,"featured_media":0,"parent":0,"menu_order":0,"comment_status":"closed","ping_status":"closed","template":"","meta":{"footnotes":""},"class_list":["post-3","page","type-page","status-publish","hentry"],"yoast_head":"<!-- This site is optimized with the Yoast SEO plugin v27.3 - https:\/\/yoast.com\/product\/yoast-seo-wordpress\/ -->\n<title>Pol\u00edtica de Privacidad - Nuren<\/title>\n<meta name=\"robots\" content=\"index, nofollow, max-snippet:-1, max-image-preview:large, max-video-preview:-1\" \/>\n<link rel=\"canonical\" href=\"https:\/\/nureningenieria.es\/en\/politica-de-privacidad\/\" \/>\n<meta property=\"og:locale\" content=\"en_US\" \/>\n<meta property=\"og:type\" content=\"article\" \/>\n<meta property=\"og:title\" content=\"Pol\u00edtica de Privacidad - Nuren\" \/>\n<meta property=\"og:description\" content=\"En cumplimiento de lo establecido en la RGPD, le informamos que sus datos ser\u00e1n tratados en nuestros ficheros, con la finalidad del mantenimiento y cumplimiento de la relaci\u00f3n con nuestra entidad, incluyendo el env\u00edo de comunicaciones en el marco de la citada relaci\u00f3n. As\u00ed mismo, sus datos\" \/>\n<meta property=\"og:url\" content=\"https:\/\/nureningenieria.es\/en\/politica-de-privacidad\/\" \/>\n<meta property=\"og:site_name\" content=\"Nuren\" \/>\n<meta property=\"article:modified_time\" content=\"2025-12-23T10:03:17+00:00\" \/>\n<meta name=\"twitter:card\" content=\"summary_large_image\" \/>\n<meta name=\"twitter:label1\" content=\"Est. reading time\" \/>\n\t<meta name=\"twitter:data1\" content=\"2 minutes\" \/>\n<script type=\"application\/ld+json\" class=\"yoast-schema-graph\">{\"@context\":\"https:\\\/\\\/schema.org\",\"@graph\":[{\"@type\":\"WebPage\",\"@id\":\"https:\\\/\\\/nureningenieria.es\\\/politica-de-privacidad\",\"url\":\"https:\\\/\\\/nureningenieria.es\\\/politica-de-privacidad\",\"name\":\"Pol\u00edtica de Privacidad - Nuren\",\"isPartOf\":{\"@id\":\"https:\\\/\\\/nureningenieria.es\\\/#website\"},\"datePublished\":\"2021-02-25T16:52:09+00:00\",\"dateModified\":\"2025-12-23T10:03:17+00:00\",\"breadcrumb\":{\"@id\":\"https:\\\/\\\/nureningenieria.es\\\/politica-de-privacidad#breadcrumb\"},\"inLanguage\":\"en-US\",\"potentialAction\":[{\"@type\":\"ReadAction\",\"target\":[\"https:\\\/\\\/nureningenieria.es\\\/politica-de-privacidad\"]}]},{\"@type\":\"BreadcrumbList\",\"@id\":\"https:\\\/\\\/nureningenieria.es\\\/politica-de-privacidad#breadcrumb\",\"itemListElement\":[{\"@type\":\"ListItem\",\"position\":1,\"name\":\"Portada\",\"item\":\"https:\\\/\\\/nureningenieria.es\\\/\"},{\"@type\":\"ListItem\",\"position\":2,\"name\":\"Pol\u00edtica de Privacidad\"}]},{\"@type\":\"WebSite\",\"@id\":\"https:\\\/\\\/nureningenieria.es\\\/#website\",\"url\":\"https:\\\/\\\/nureningenieria.es\\\/\",\"name\":\"Nuren\",\"description\":\"\",\"publisher\":{\"@id\":\"https:\\\/\\\/nureningenieria.es\\\/#organization\"},\"potentialAction\":[{\"@type\":\"SearchAction\",\"target\":{\"@type\":\"EntryPoint\",\"urlTemplate\":\"https:\\\/\\\/nureningenieria.es\\\/?s={search_term_string}\"},\"query-input\":{\"@type\":\"PropertyValueSpecification\",\"valueRequired\":true,\"valueName\":\"search_term_string\"}}],\"inLanguage\":\"en-US\"},{\"@type\":\"Organization\",\"@id\":\"https:\\\/\\\/nureningenieria.es\\\/#organization\",\"name\":\"Nuren\",\"url\":\"https:\\\/\\\/nureningenieria.es\\\/\",\"logo\":{\"@type\":\"ImageObject\",\"inLanguage\":\"en-US\",\"@id\":\"https:\\\/\\\/nureningenieria.es\\\/#\\\/schema\\\/logo\\\/image\\\/\",\"url\":\"https:\\\/\\\/nureningenieria.es\\\/wp-content\\\/uploads\\\/2021\\\/05\\\/logo-nuren.jpg\",\"contentUrl\":\"https:\\\/\\\/nureningenieria.es\\\/wp-content\\\/uploads\\\/2021\\\/05\\\/logo-nuren.jpg\",\"width\":1341,\"height\":341,\"caption\":\"Nuren\"},\"image\":{\"@id\":\"https:\\\/\\\/nureningenieria.es\\\/#\\\/schema\\\/logo\\\/image\\\/\"}}]}<\/script>\n<!-- \/ Yoast SEO plugin. -->","yoast_head_json":{"title":"Pol\u00edtica de Privacidad - Nuren","robots":{"index":"index","follow":"nofollow","max-snippet":"max-snippet:-1","max-image-preview":"max-image-preview:large","max-video-preview":"max-video-preview:-1"},"canonical":"https:\/\/nureningenieria.es\/en\/politica-de-privacidad\/","og_locale":"en_US","og_type":"article","og_title":"Pol\u00edtica de Privacidad - Nuren","og_description":"En cumplimiento de lo establecido en la RGPD, le informamos que sus datos ser\u00e1n tratados en nuestros ficheros, con la finalidad del mantenimiento y cumplimiento de la relaci\u00f3n con nuestra entidad, incluyendo el env\u00edo de comunicaciones en el marco de la citada relaci\u00f3n. As\u00ed mismo, sus datos","og_url":"https:\/\/nureningenieria.es\/en\/politica-de-privacidad\/","og_site_name":"Nuren","article_modified_time":"2025-12-23T10:03:17+00:00","twitter_card":"summary_large_image","twitter_misc":{"Est. reading time":"2 minutes"},"schema":{"@context":"https:\/\/schema.org","@graph":[{"@type":"WebPage","@id":"https:\/\/nureningenieria.es\/politica-de-privacidad","url":"https:\/\/nureningenieria.es\/politica-de-privacidad","name":"Pol\u00edtica de Privacidad - Nuren","isPartOf":{"@id":"https:\/\/nureningenieria.es\/#website"},"datePublished":"2021-02-25T16:52:09+00:00","dateModified":"2025-12-23T10:03:17+00:00","breadcrumb":{"@id":"https:\/\/nureningenieria.es\/politica-de-privacidad#breadcrumb"},"inLanguage":"en-US","potentialAction":[{"@type":"ReadAction","target":["https:\/\/nureningenieria.es\/politica-de-privacidad"]}]},{"@type":"BreadcrumbList","@id":"https:\/\/nureningenieria.es\/politica-de-privacidad#breadcrumb","itemListElement":[{"@type":"ListItem","position":1,"name":"Portada","item":"https:\/\/nureningenieria.es\/"},{"@type":"ListItem","position":2,"name":"Pol\u00edtica de Privacidad"}]},{"@type":"WebSite","@id":"https:\/\/nureningenieria.es\/#website","url":"https:\/\/nureningenieria.es\/","name":"Nuren","description":"","publisher":{"@id":"https:\/\/nureningenieria.es\/#organization"},"potentialAction":[{"@type":"SearchAction","target":{"@type":"EntryPoint","urlTemplate":"https:\/\/nureningenieria.es\/?s={search_term_string}"},"query-input":{"@type":"PropertyValueSpecification","valueRequired":true,"valueName":"search_term_string"}}],"inLanguage":"en-US"},{"@type":"Organization","@id":"https:\/\/nureningenieria.es\/#organization","name":"Nuren","url":"https:\/\/nureningenieria.es\/","logo":{"@type":"ImageObject","inLanguage":"en-US","@id":"https:\/\/nureningenieria.es\/#\/schema\/logo\/image\/","url":"https:\/\/nureningenieria.es\/wp-content\/uploads\/2021\/05\/logo-nuren.jpg","contentUrl":"https:\/\/nureningenieria.es\/wp-content\/uploads\/2021\/05\/logo-nuren.jpg","width":1341,"height":341,"caption":"Nuren"},"image":{"@id":"https:\/\/nureningenieria.es\/#\/schema\/logo\/image\/"}}]}},"_links":{"self":[{"href":"https:\/\/nureningenieria.es\/en\/wp-json\/wp\/v2\/pages\/3","targetHints":{"allow":["GET"]}}],"collection":[{"href":"https:\/\/nureningenieria.es\/en\/wp-json\/wp\/v2\/pages"}],"about":[{"href":"https:\/\/nureningenieria.es\/en\/wp-json\/wp\/v2\/types\/page"}],"author":[{"embeddable":true,"href":"https:\/\/nureningenieria.es\/en\/wp-json\/wp\/v2\/users\/1"}],"replies":[{"embeddable":true,"href":"https:\/\/nureningenieria.es\/en\/wp-json\/wp\/v2\/comments?post=3"}],"version-history":[{"count":3,"href":"https:\/\/nureningenieria.es\/en\/wp-json\/wp\/v2\/pages\/3\/revisions"}],"predecessor-version":[{"id":5532,"href":"https:\/\/nureningenieria.es\/en\/wp-json\/wp\/v2\/pages\/3\/revisions\/5532"}],"wp:attachment":[{"href":"https:\/\/nureningenieria.es\/en\/wp-json\/wp\/v2\/media?parent=3"}],"curies":[{"name":"wp","href":"https:\/\/api.w.org\/{rel}","templated":true}]}}