{"id":5775,"date":"2025-12-30T09:05:40","date_gmt":"2025-12-30T09:05:40","guid":{"rendered":"https:\/\/nureningenieria.es\/?page_id=5775"},"modified":"2025-12-31T11:13:55","modified_gmt":"2025-12-31T11:13:55","slug":"servicios","status":"publish","type":"page","link":"https:\/\/nureningenieria.es\/en\/servicios","title":{"rendered":"Servicios"},"content":{"rendered":"<div id=\"bannerServicios\" class=\"vc_row wpb_row vc_row-fluid vc_custom_1767095023625 vc_row-has-fill\"><div class=\"wpb_column vc_column_container vc_col-sm-12\"><div class=\"vc_column-inner\"><div class=\"wpb_wrapper\">\n\t<div class=\"wpb_text_column wpb_content_element\" id=\"tituloServicios\">\n\t\t<div class=\"wpb_wrapper\">\n\t\t\t<h1 style=\"text-align: center;\">SERVICIOS<\/h1>\n\n\t\t<\/div>\n\t<\/div>\n<\/div><\/div><\/div><\/div><div id=\"proyectoIngenieria\" class=\"vc_row wpb_row vc_row-fluid vc_custom_1767176852128 vc_row-has-fill vc_row-o-full-height vc_row-o-columns-middle vc_row-o-equal-height vc_row-flex\"><div class=\"wpb_column vc_column_container vc_col-sm-6\"><div class=\"vc_column-inner vc_custom_1767095368608\"><div class=\"wpb_wrapper\">\n\t<div class=\"wpb_text_column wpb_content_element\" >\n\t\t<div class=\"wpb_wrapper\">\n\t\t\t<h2 data-start=\"391\" data-end=\"417\">Proyectos de ingenier\u00eda<\/h2>\n<p data-start=\"419\" data-end=\"639\">En <strong data-start=\"422\" data-end=\"442\">Nuren Ingenier\u00eda<\/strong> desarrollamos proyectos t\u00e9cnicos integrales adaptados a las necesidades de cada cliente, garantizando el cumplimiento de la normativa vigente y la viabilidad t\u00e9cnica y econ\u00f3mica de cada actuaci\u00f3n.<\/p>\n<p data-start=\"641\" data-end=\"708\">Redactamos y gestionamos proyectos de ingenier\u00eda en los \u00e1mbitos de:<\/p>\n<ul data-start=\"710\" data-end=\"1023\">\n<li data-start=\"710\" data-end=\"762\">\n<p data-start=\"712\" data-end=\"762\">Instalaciones el\u00e9ctricas de baja y media tensi\u00f3n<\/p>\n<\/li>\n<li data-start=\"763\" data-end=\"824\">\n<p data-start=\"765\" data-end=\"824\">Instalaciones de climatizaci\u00f3n, calefacci\u00f3n y ventilaci\u00f3n<\/p>\n<\/li>\n<li data-start=\"825\" data-end=\"873\">\n<p data-start=\"827\" data-end=\"873\">Instalaciones de protecci\u00f3n contra incendios<\/p>\n<\/li>\n<li data-start=\"874\" data-end=\"906\">\n<p data-start=\"876\" data-end=\"906\">Alumbrado p\u00fablico y exterior<\/p>\n<\/li>\n<li data-start=\"907\" data-end=\"960\">\n<p data-start=\"909\" data-end=\"960\">Instalaciones fotovoltaicas y energ\u00edas renovables<\/p>\n<\/li>\n<li data-start=\"961\" data-end=\"1023\">\n<p data-start=\"963\" data-end=\"1023\">Legalizaci\u00f3n de instalaciones y tramitaci\u00f3n administrativa<\/p>\n<\/li>\n<\/ul>\n<p data-start=\"1025\" data-end=\"1205\">Acompa\u00f1amos al cliente durante todo el proceso, desde el dise\u00f1o inicial hasta la puesta en marcha, actuando como interlocutor t\u00e9cnico ante administraciones y organismos de control.<\/p>\n\n\t\t<\/div>\n\t<\/div>\n<\/div><\/div><\/div><div class=\"wpb_column vc_column_container vc_col-sm-6\"><div class=\"vc_column-inner\"><div class=\"wpb_wrapper\">\n\t<div  class=\"wpb_single_image wpb_content_element vc_align_left\">\n\t\t\n\t\t<figure class=\"wpb_wrapper vc_figure\">\n\t\t\t<div class=\"vc_single_image-wrapper   vc_box_border_grey\"><img loading=\"lazy\" decoding=\"async\" width=\"2148\" height=\"1152\" src=\"https:\/\/nureningenieria.es\/wp-content\/uploads\/2021\/04\/Auditoria-energetica-1.png\" class=\"vc_single_image-img attachment-full\" alt=\"\" srcset=\"https:\/\/nureningenieria.es\/wp-content\/uploads\/2021\/04\/Auditoria-energetica-1.png 2148w, https:\/\/nureningenieria.es\/wp-content\/uploads\/2021\/04\/Auditoria-energetica-1-300x161.png 300w, https:\/\/nureningenieria.es\/wp-content\/uploads\/2021\/04\/Auditoria-energetica-1-1024x549.png 1024w, https:\/\/nureningenieria.es\/wp-content\/uploads\/2021\/04\/Auditoria-energetica-1-768x412.png 768w, https:\/\/nureningenieria.es\/wp-content\/uploads\/2021\/04\/Auditoria-energetica-1-1536x824.png 1536w, https:\/\/nureningenieria.es\/wp-content\/uploads\/2021\/04\/Auditoria-energetica-1-2048x1098.png 2048w, https:\/\/nureningenieria.es\/wp-content\/uploads\/2021\/04\/Auditoria-energetica-1-600x322.png 600w\" sizes=\"auto, (max-width: 2148px) 100vw, 2148px\" \/><\/div>\n\t\t<\/figure>\n\t<\/div>\n<\/div><\/div><\/div><\/div><div id=\"ahorro\" class=\"vc_row wpb_row vc_row-fluid vc_custom_1767176865104 vc_row-has-fill vc_row-o-full-height vc_row-o-columns-middle vc_row-o-equal-height vc_row-flex\"><div class=\"wpb_column vc_column_container vc_col-sm-6\"><div class=\"vc_column-inner\"><div class=\"wpb_wrapper\">\n\t<div  class=\"wpb_single_image wpb_content_element vc_align_left\">\n\t\t\n\t\t<figure class=\"wpb_wrapper vc_figure\">\n\t\t\t<div class=\"vc_single_image-wrapper   vc_box_border_grey\"><img loading=\"lazy\" decoding=\"async\" width=\"2148\" height=\"1152\" src=\"https:\/\/nureningenieria.es\/wp-content\/uploads\/2021\/04\/Auditoria-energetica-3.png\" class=\"vc_single_image-img attachment-full\" alt=\"\" srcset=\"https:\/\/nureningenieria.es\/wp-content\/uploads\/2021\/04\/Auditoria-energetica-3.png 2148w, https:\/\/nureningenieria.es\/wp-content\/uploads\/2021\/04\/Auditoria-energetica-3-300x161.png 300w, https:\/\/nureningenieria.es\/wp-content\/uploads\/2021\/04\/Auditoria-energetica-3-1024x549.png 1024w, https:\/\/nureningenieria.es\/wp-content\/uploads\/2021\/04\/Auditoria-energetica-3-768x412.png 768w, https:\/\/nureningenieria.es\/wp-content\/uploads\/2021\/04\/Auditoria-energetica-3-1536x824.png 1536w, https:\/\/nureningenieria.es\/wp-content\/uploads\/2021\/04\/Auditoria-energetica-3-2048x1098.png 2048w, https:\/\/nureningenieria.es\/wp-content\/uploads\/2021\/04\/Auditoria-energetica-3-600x322.png 600w\" sizes=\"auto, (max-width: 2148px) 100vw, 2148px\" \/><\/div>\n\t\t<\/figure>\n\t<\/div>\n<\/div><\/div><\/div><div class=\"wpb_column vc_column_container vc_col-sm-6\"><div class=\"vc_column-inner vc_custom_1767095378850\"><div class=\"wpb_wrapper\">\n\t<div class=\"wpb_text_column wpb_content_element\" >\n\t\t<div class=\"wpb_wrapper\">\n\t\t\t<h2 data-start=\"1212\" data-end=\"1245\">Ahorro y eficiencia energ\u00e9tica<\/h2>\n<p data-start=\"1247\" data-end=\"1403\">Ayudamos a particulares, empresas y administraciones a <strong data-start=\"1302\" data-end=\"1337\">optimizar el consumo energ\u00e9tico<\/strong>, reducir costes y mejorar la sostenibilidad de sus instalaciones.<\/p>\n<p data-start=\"1405\" data-end=\"1478\">Nuestros servicios en el \u00e1rea de ahorro y eficiencia energ\u00e9tica incluyen:<\/p>\n<ul data-start=\"1480\" data-end=\"1800\">\n<li data-start=\"1480\" data-end=\"1535\">\n<p data-start=\"1482\" data-end=\"1535\">Auditor\u00edas energ\u00e9ticas en edificios e instalaciones<\/p>\n<\/li>\n<li data-start=\"1536\" data-end=\"1599\">\n<p data-start=\"1538\" data-end=\"1599\">Certificados de eficiencia energ\u00e9tica para venta o alquiler<\/p>\n<\/li>\n<li data-start=\"1600\" data-end=\"1657\">\n<p data-start=\"1602\" data-end=\"1657\">Estudios de mejora energ\u00e9tica y reducci\u00f3n de consumos<\/p>\n<\/li>\n<li data-start=\"1658\" data-end=\"1722\">\n<p data-start=\"1660\" data-end=\"1722\">Asesoramiento en medidas de eficiencia y energ\u00edas renovables<\/p>\n<\/li>\n<li data-start=\"1723\" data-end=\"1800\">\n<p data-start=\"1725\" data-end=\"1800\">Tramitaci\u00f3n de subvenciones y ayudas p\u00fablicas relacionadas con la energ\u00eda<\/p>\n<\/li>\n<\/ul>\n<p data-start=\"1802\" data-end=\"1942\">Nuestro objetivo es ofrecer soluciones t\u00e9cnicas reales y rentables, adaptadas a cada caso, con un enfoque pr\u00e1ctico y orientado a resultados.<\/p>\n\n\t\t<\/div>\n\t<\/div>\n<\/div><\/div><\/div><\/div><div id=\"seguridadSalud\" class=\"vc_row wpb_row vc_row-fluid vc_custom_1767177073375 vc_row-has-fill vc_row-o-full-height vc_row-o-columns-middle vc_row-o-equal-height vc_row-flex\"><div class=\"wpb_column vc_column_container vc_col-sm-6\"><div class=\"vc_column-inner vc_custom_1767095373538\"><div class=\"wpb_wrapper\">\n\t<div class=\"wpb_text_column wpb_content_element\" >\n\t\t<div class=\"wpb_wrapper\">\n\t\t\t<h2 data-start=\"1949\" data-end=\"1969\">Seguridad y salud<\/h2>\n<p data-start=\"1971\" data-end=\"2236\">La seguridad y salud en las obras de construcci\u00f3n es una obligaci\u00f3n legal y una responsabilidad fundamental. En <strong data-start=\"2083\" data-end=\"2103\">Nuren Ingenier\u00eda<\/strong> contamos con la experiencia necesaria para garantizar el cumplimiento de la normativa en materia de prevenci\u00f3n de riesgos laborales.<\/p>\n<p data-start=\"2238\" data-end=\"2261\">Prestamos servicios de:<\/p>\n<ul data-start=\"2263\" data-end=\"2565\">\n<li data-start=\"2263\" data-end=\"2325\">\n<p data-start=\"2265\" data-end=\"2325\">Coordinaci\u00f3n de Seguridad y Salud en obras de construcci\u00f3n<\/p>\n<\/li>\n<li data-start=\"2326\" data-end=\"2370\">\n<p data-start=\"2328\" data-end=\"2370\">Redacci\u00f3n de Planes de Seguridad y Salud<\/p>\n<\/li>\n<li data-start=\"2371\" data-end=\"2436\">\n<p data-start=\"2373\" data-end=\"2436\">Redacci\u00f3n de Estudios y Estudios B\u00e1sicos de Seguridad y Salud<\/p>\n<\/li>\n<li data-start=\"2437\" data-end=\"2497\">\n<p data-start=\"2439\" data-end=\"2497\">Asesoramiento t\u00e9cnico en prevenci\u00f3n de riesgos laborales<\/p>\n<\/li>\n<li data-start=\"2498\" data-end=\"2565\">\n<p data-start=\"2500\" data-end=\"2565\">Peritaciones judiciales en materia de seguridad y salud laboral<\/p>\n<\/li>\n<\/ul>\n<p data-start=\"2567\" data-end=\"2730\">Trabajamos para asegurar entornos de trabajo seguros, minimizando riesgos y ayudando a promotores, constructoras y t\u00e9cnicos a cumplir con sus obligaciones legales.<\/p>\n\n\t\t<\/div>\n\t<\/div>\n<\/div><\/div><\/div><div class=\"wpb_column vc_column_container vc_col-sm-6\"><div class=\"vc_column-inner\"><div class=\"wpb_wrapper\">\n\t<div  class=\"wpb_single_image wpb_content_element vc_align_left\">\n\t\t\n\t\t<figure class=\"wpb_wrapper vc_figure\">\n\t\t\t<div class=\"vc_single_image-wrapper   vc_box_border_grey\"><img loading=\"lazy\" decoding=\"async\" width=\"2148\" height=\"1152\" src=\"https:\/\/nureningenieria.es\/wp-content\/uploads\/2021\/04\/Auditoria-energetica-4.png\" class=\"vc_single_image-img attachment-full\" alt=\"\" srcset=\"https:\/\/nureningenieria.es\/wp-content\/uploads\/2021\/04\/Auditoria-energetica-4.png 2148w, https:\/\/nureningenieria.es\/wp-content\/uploads\/2021\/04\/Auditoria-energetica-4-300x161.png 300w, https:\/\/nureningenieria.es\/wp-content\/uploads\/2021\/04\/Auditoria-energetica-4-1024x549.png 1024w, https:\/\/nureningenieria.es\/wp-content\/uploads\/2021\/04\/Auditoria-energetica-4-768x412.png 768w, https:\/\/nureningenieria.es\/wp-content\/uploads\/2021\/04\/Auditoria-energetica-4-1536x824.png 1536w, https:\/\/nureningenieria.es\/wp-content\/uploads\/2021\/04\/Auditoria-energetica-4-2048x1098.png 2048w, https:\/\/nureningenieria.es\/wp-content\/uploads\/2021\/04\/Auditoria-energetica-4-600x322.png 600w\" sizes=\"auto, (max-width: 2148px) 100vw, 2148px\" \/><\/div>\n\t\t<\/figure>\n\t<\/div>\n<\/div><\/div><\/div><\/div><div id=\"formacion\" class=\"vc_row wpb_row vc_row-fluid vc_custom_1767176905855 vc_row-o-full-height vc_row-o-columns-middle vc_row-o-equal-height vc_row-flex\"><div class=\"wpb_column vc_column_container vc_col-sm-6\"><div class=\"vc_column-inner\"><div class=\"wpb_wrapper\">\n\t<div  class=\"wpb_single_image wpb_content_element vc_align_left\">\n\t\t\n\t\t<figure class=\"wpb_wrapper vc_figure\">\n\t\t\t<div class=\"vc_single_image-wrapper   vc_box_border_grey\"><img loading=\"lazy\" decoding=\"async\" width=\"1980\" height=\"900\" src=\"https:\/\/nureningenieria.es\/wp-content\/uploads\/2021\/03\/iNGENIERIA-NUREN-PORTADA.png\" class=\"vc_single_image-img attachment-full\" alt=\"\" srcset=\"https:\/\/nureningenieria.es\/wp-content\/uploads\/2021\/03\/iNGENIERIA-NUREN-PORTADA.png 1980w, https:\/\/nureningenieria.es\/wp-content\/uploads\/2021\/03\/iNGENIERIA-NUREN-PORTADA-300x136.png 300w, https:\/\/nureningenieria.es\/wp-content\/uploads\/2021\/03\/iNGENIERIA-NUREN-PORTADA-1024x465.png 1024w, https:\/\/nureningenieria.es\/wp-content\/uploads\/2021\/03\/iNGENIERIA-NUREN-PORTADA-768x349.png 768w, https:\/\/nureningenieria.es\/wp-content\/uploads\/2021\/03\/iNGENIERIA-NUREN-PORTADA-1536x698.png 1536w, https:\/\/nureningenieria.es\/wp-content\/uploads\/2021\/03\/iNGENIERIA-NUREN-PORTADA-600x273.png 600w\" sizes=\"auto, (max-width: 1980px) 100vw, 1980px\" \/><\/div>\n\t\t<\/figure>\n\t<\/div>\n<\/div><\/div><\/div><div class=\"wpb_column vc_column_container vc_col-sm-6\"><div class=\"vc_column-inner vc_custom_1767095384299\"><div class=\"wpb_wrapper\">\n\t<div class=\"wpb_text_column wpb_content_element\" >\n\t\t<div class=\"wpb_wrapper\">\n\t\t\t<h2 data-start=\"2737\" data-end=\"2757\">\u00c1rea de formaci\u00f3n<\/h2>\n<p data-start=\"2759\" data-end=\"2975\">La formaci\u00f3n es una herramienta clave para la prevenci\u00f3n, la eficiencia y el cumplimiento normativo. En nuestra <strong data-start=\"2871\" data-end=\"2892\">\u00c1rea de Formaci\u00f3n<\/strong> impartimos cursos especializados, orientados tanto a trabajadores como a empresas.<\/p>\n<p data-start=\"2977\" data-end=\"3000\">Ofrecemos formaci\u00f3n en:<\/p>\n<ul data-start=\"3002\" data-end=\"3269\">\n<li data-start=\"3002\" data-end=\"3078\">\n<p data-start=\"3004\" data-end=\"3078\">Prevenci\u00f3n de Riesgos Laborales en el sector del metal y la construcci\u00f3n<\/p>\n<\/li>\n<li data-start=\"3079\" data-end=\"3136\">\n<p data-start=\"3081\" data-end=\"3136\">Cursos homologados y adaptados a la normativa vigente<\/p>\n<\/li>\n<li data-start=\"3137\" data-end=\"3167\">\n<p data-start=\"3139\" data-end=\"3167\">Formaci\u00f3n en medioambiente<\/p>\n<\/li>\n<li data-start=\"3168\" data-end=\"3202\">\n<p data-start=\"3170\" data-end=\"3202\">Ahorro y eficiencia energ\u00e9tica<\/p>\n<\/li>\n<li data-start=\"3203\" data-end=\"3269\">\n<p data-start=\"3205\" data-end=\"3269\">Formaci\u00f3n t\u00e9cnica espec\u00edfica seg\u00fan las necesidades del cliente<\/p>\n<\/li>\n<\/ul>\n<p data-start=\"3271\" data-end=\"3414\">Nuestros cursos combinan contenido t\u00e9cnico actualizado con un enfoque pr\u00e1ctico, facilitando la aplicaci\u00f3n real de los conocimientos adquiridos.<\/p>\n\n\t\t<\/div>\n\t<\/div>\n<\/div><\/div><\/div><\/div>","protected":false},"excerpt":{"rendered":"SERVICIOS Proyectos de ingenier\u00eda En Nuren Ingenier\u00eda desarrollamos proyectos t\u00e9cnicos integrales adaptados a las necesidades de cada cliente, garantizando el cumplimiento de la normativa vigente y la viabilidad t\u00e9cnica y econ\u00f3mica de cada actuaci\u00f3n. Redactamos y gestionamos proyectos de ingenier\u00eda en los \u00e1mbitos de: Instalaciones el\u00e9ctricas de","protected":false},"author":1,"featured_media":0,"parent":0,"menu_order":0,"comment_status":"closed","ping_status":"closed","template":"page-FullWidth.php","meta":{"footnotes":""},"class_list":["post-5775","page","type-page","status-publish","hentry"],"yoast_head":"<!-- This site is optimized with the Yoast SEO plugin v27.3 - https:\/\/yoast.com\/product\/yoast-seo-wordpress\/ -->\n<title>Servicios - Nuren<\/title>\n<meta name=\"robots\" content=\"index, follow, max-snippet:-1, max-image-preview:large, max-video-preview:-1\" \/>\n<link rel=\"canonical\" href=\"https:\/\/nureningenieria.es\/en\/servicios\/\" \/>\n<meta property=\"og:locale\" content=\"en_US\" \/>\n<meta property=\"og:type\" content=\"article\" \/>\n<meta property=\"og:title\" content=\"Servicios - Nuren\" \/>\n<meta property=\"og:url\" content=\"https:\/\/nureningenieria.es\/en\/servicios\/\" \/>\n<meta property=\"og:site_name\" content=\"Nuren\" \/>\n<meta property=\"article:modified_time\" content=\"2025-12-31T11:13:55+00:00\" \/>\n<meta name=\"twitter:card\" content=\"summary_large_image\" \/>\n<meta name=\"twitter:label1\" content=\"Est. reading time\" \/>\n\t<meta name=\"twitter:data1\" content=\"3 minutes\" \/>\n<script type=\"application\/ld+json\" class=\"yoast-schema-graph\">{\"@context\":\"https:\\\/\\\/schema.org\",\"@graph\":[{\"@type\":\"WebPage\",\"@id\":\"https:\\\/\\\/nureningenieria.es\\\/servicios\",\"url\":\"https:\\\/\\\/nureningenieria.es\\\/servicios\",\"name\":\"Servicios - Nuren\",\"isPartOf\":{\"@id\":\"https:\\\/\\\/nureningenieria.es\\\/#website\"},\"datePublished\":\"2025-12-30T09:05:40+00:00\",\"dateModified\":\"2025-12-31T11:13:55+00:00\",\"breadcrumb\":{\"@id\":\"https:\\\/\\\/nureningenieria.es\\\/servicios#breadcrumb\"},\"inLanguage\":\"en-US\",\"potentialAction\":[{\"@type\":\"ReadAction\",\"target\":[\"https:\\\/\\\/nureningenieria.es\\\/servicios\"]}]},{\"@type\":\"BreadcrumbList\",\"@id\":\"https:\\\/\\\/nureningenieria.es\\\/servicios#breadcrumb\",\"itemListElement\":[{\"@type\":\"ListItem\",\"position\":1,\"name\":\"Portada\",\"item\":\"https:\\\/\\\/nureningenieria.es\\\/\"},{\"@type\":\"ListItem\",\"position\":2,\"name\":\"Servicios\"}]},{\"@type\":\"WebSite\",\"@id\":\"https:\\\/\\\/nureningenieria.es\\\/#website\",\"url\":\"https:\\\/\\\/nureningenieria.es\\\/\",\"name\":\"Nuren\",\"description\":\"\",\"publisher\":{\"@id\":\"https:\\\/\\\/nureningenieria.es\\\/#organization\"},\"potentialAction\":[{\"@type\":\"SearchAction\",\"target\":{\"@type\":\"EntryPoint\",\"urlTemplate\":\"https:\\\/\\\/nureningenieria.es\\\/?s={search_term_string}\"},\"query-input\":{\"@type\":\"PropertyValueSpecification\",\"valueRequired\":true,\"valueName\":\"search_term_string\"}}],\"inLanguage\":\"en-US\"},{\"@type\":\"Organization\",\"@id\":\"https:\\\/\\\/nureningenieria.es\\\/#organization\",\"name\":\"Nuren\",\"url\":\"https:\\\/\\\/nureningenieria.es\\\/\",\"logo\":{\"@type\":\"ImageObject\",\"inLanguage\":\"en-US\",\"@id\":\"https:\\\/\\\/nureningenieria.es\\\/#\\\/schema\\\/logo\\\/image\\\/\",\"url\":\"https:\\\/\\\/nureningenieria.es\\\/wp-content\\\/uploads\\\/2021\\\/05\\\/logo-nuren.jpg\",\"contentUrl\":\"https:\\\/\\\/nureningenieria.es\\\/wp-content\\\/uploads\\\/2021\\\/05\\\/logo-nuren.jpg\",\"width\":1341,\"height\":341,\"caption\":\"Nuren\"},\"image\":{\"@id\":\"https:\\\/\\\/nureningenieria.es\\\/#\\\/schema\\\/logo\\\/image\\\/\"}}]}<\/script>\n<!-- \/ Yoast SEO plugin. -->","yoast_head_json":{"title":"Servicios - Nuren","robots":{"index":"index","follow":"follow","max-snippet":"max-snippet:-1","max-image-preview":"max-image-preview:large","max-video-preview":"max-video-preview:-1"},"canonical":"https:\/\/nureningenieria.es\/en\/servicios\/","og_locale":"en_US","og_type":"article","og_title":"Servicios - Nuren","og_url":"https:\/\/nureningenieria.es\/en\/servicios\/","og_site_name":"Nuren","article_modified_time":"2025-12-31T11:13:55+00:00","twitter_card":"summary_large_image","twitter_misc":{"Est. reading time":"3 minutes"},"schema":{"@context":"https:\/\/schema.org","@graph":[{"@type":"WebPage","@id":"https:\/\/nureningenieria.es\/servicios","url":"https:\/\/nureningenieria.es\/servicios","name":"Servicios - Nuren","isPartOf":{"@id":"https:\/\/nureningenieria.es\/#website"},"datePublished":"2025-12-30T09:05:40+00:00","dateModified":"2025-12-31T11:13:55+00:00","breadcrumb":{"@id":"https:\/\/nureningenieria.es\/servicios#breadcrumb"},"inLanguage":"en-US","potentialAction":[{"@type":"ReadAction","target":["https:\/\/nureningenieria.es\/servicios"]}]},{"@type":"BreadcrumbList","@id":"https:\/\/nureningenieria.es\/servicios#breadcrumb","itemListElement":[{"@type":"ListItem","position":1,"name":"Portada","item":"https:\/\/nureningenieria.es\/"},{"@type":"ListItem","position":2,"name":"Servicios"}]},{"@type":"WebSite","@id":"https:\/\/nureningenieria.es\/#website","url":"https:\/\/nureningenieria.es\/","name":"Nuren","description":"","publisher":{"@id":"https:\/\/nureningenieria.es\/#organization"},"potentialAction":[{"@type":"SearchAction","target":{"@type":"EntryPoint","urlTemplate":"https:\/\/nureningenieria.es\/?s={search_term_string}"},"query-input":{"@type":"PropertyValueSpecification","valueRequired":true,"valueName":"search_term_string"}}],"inLanguage":"en-US"},{"@type":"Organization","@id":"https:\/\/nureningenieria.es\/#organization","name":"Nuren","url":"https:\/\/nureningenieria.es\/","logo":{"@type":"ImageObject","inLanguage":"en-US","@id":"https:\/\/nureningenieria.es\/#\/schema\/logo\/image\/","url":"https:\/\/nureningenieria.es\/wp-content\/uploads\/2021\/05\/logo-nuren.jpg","contentUrl":"https:\/\/nureningenieria.es\/wp-content\/uploads\/2021\/05\/logo-nuren.jpg","width":1341,"height":341,"caption":"Nuren"},"image":{"@id":"https:\/\/nureningenieria.es\/#\/schema\/logo\/image\/"}}]}},"_links":{"self":[{"href":"https:\/\/nureningenieria.es\/en\/wp-json\/wp\/v2\/pages\/5775","targetHints":{"allow":["GET"]}}],"collection":[{"href":"https:\/\/nureningenieria.es\/en\/wp-json\/wp\/v2\/pages"}],"about":[{"href":"https:\/\/nureningenieria.es\/en\/wp-json\/wp\/v2\/types\/page"}],"author":[{"embeddable":true,"href":"https:\/\/nureningenieria.es\/en\/wp-json\/wp\/v2\/users\/1"}],"replies":[{"embeddable":true,"href":"https:\/\/nureningenieria.es\/en\/wp-json\/wp\/v2\/comments?post=5775"}],"version-history":[{"count":35,"href":"https:\/\/nureningenieria.es\/en\/wp-json\/wp\/v2\/pages\/5775\/revisions"}],"predecessor-version":[{"id":5862,"href":"https:\/\/nureningenieria.es\/en\/wp-json\/wp\/v2\/pages\/5775\/revisions\/5862"}],"wp:attachment":[{"href":"https:\/\/nureningenieria.es\/en\/wp-json\/wp\/v2\/media?parent=5775"}],"curies":[{"name":"wp","href":"https:\/\/api.w.org\/{rel}","templated":true}]}}